{"id":3348,"date":"2019-12-13T05:17:28","date_gmt":"2019-12-13T05:17:28","guid":{"rendered":"https:\/\/xann.es\/sobrenosaltres\/"},"modified":"2025-09-08T12:57:53","modified_gmt":"2025-09-08T12:57:53","slug":"sobrenosaltres","status":"publish","type":"page","link":"https:\/\/xann.es\/ca\/sobrenosaltres\/","title":{"rendered":"Sobre nosotros"},"content":{"rendered":"<p>[vc_row equal_height=&#8221;yes&#8221; content_placement=&#8221;top&#8221; css=&#8221;.vc_custom_1579949879057{padding-top: 80px !important;padding-bottom: 20px !important;}&#8221;][vc_column css=&#8221;.vc_custom_1579949867327{padding-bottom: 60px !important;}&#8221; offset=&#8221;vc_col-lg-4 vc_col-md-4 vc_col-xs-12&#8243;][\/vc_column][vc_column css=&#8221;.vc_custom_1579949870416{padding-bottom: 60px !important;}&#8221; offset=&#8221;vc_col-lg-4 vc_col-md-4 vc_col-xs-12&#8243;][vc_column_text css=&#8221;.vc_custom_1757336245906{padding-bottom: 30px !important;}&#8221;]XANN Taller d\u2019Arquitectura i Enginyeria, \u00e9s un estudi multidisciplinari d\u2019arquitectes i enginyers, i col\u00b7laboradors externs, a demanda de les necessitats particulars dels projectes. El nostre \u00e9s un m\u00e8tode de treball basat en l\u2019equilibri entre la t\u00e8cnica i la creativitat, que no perd l\u2019objectiu inicial, pret\u00e9n la funcionalitat de la soluci\u00f3 i \u00e9s dirigit per la nostra experi\u00e8ncia laboral, adquirida des de l\u2019any 2000. Cada client i cada projecte s\u00f3n un enc\u00e0rrec diferent i per a tots calen respostes adequades, amb la il\u00b7lusi\u00f3 del primer dia, amb la t\u00e8cnica i la formalitat que se\u2019n deriven i sense oblidar l\u2019evoluci\u00f3 dels conceptes, el pas del temps i les necessitats vitals i de progr\u00e9s.[\/vc_column_text]<div class=\"dt-fancy-separator\" style=\"width: 100%;\"><div class=\"dt-fancy-title\"><span class=\"separator-holder separator-left\"><\/span>\u201cL\u2019arquitectura \u00e9s la voluntat de l\u2019\u00e8poca tradu\u00efda a l\u2019espai\u201d \u2014 Mies van der Rohe<span class=\"separator-holder separator-right\"><\/span><\/div><\/div>[\/vc_column][vc_column css=&#8221;.vc_custom_1579949874673{padding-bottom: 60px !important;}&#8221; offset=&#8221;vc_col-lg-4 vc_col-md-4 vc_col-xs-12&#8243;][\/vc_column][\/vc_row]<\/p>\n","protected":false},"excerpt":{"rendered":"<p>[vc_row equal_height=&#8221;yes&#8221; content_placement=&#8221;top&#8221; css=&#8221;.vc_custom_1579949879057{padding-top: 80px !important;padding-bottom: 20px !important;}&#8221;][vc_column css=&#8221;.vc_custom_1579949867327{padding-bottom: 60px !important;}&#8221; offset=&#8221;vc_col-lg-4 vc_col-md-4 vc_col-xs-12&#8243;][\/vc_column][vc_column css=&#8221;.vc_custom_1579949870416{padding-bottom: 60px !important;}&#8221; offset=&#8221;vc_col-lg-4 vc_col-md-4 vc_col-xs-12&#8243;][vc_column_text css=&#8221;.vc_custom_1757336245906{padding-bottom: 30px !important;}&#8221;]XANN Taller d\u2019Arquitectura i Enginyeria, \u00e9s un estudi multidisciplinari d\u2019arquitectes i enginyers, i col\u00b7laboradors externs, a demanda de les necessitats particulars dels projectes. El nostre \u00e9s un m\u00e8tode de treball basat en l\u2019equilibri&hellip;<\/p>\n","protected":false},"author":1,"featured_media":0,"parent":0,"menu_order":7,"comment_status":"closed","ping_status":"closed","template":"","meta":{"footnotes":""},"class_list":["post-3348","page","type-page","status-publish","hentry","description-off"],"yoast_head":"<!-- This site is optimized with the Yoast SEO plugin v26.3 - https:\/\/yoast.com\/wordpress\/plugins\/seo\/ -->\n<title>Sobre nosotros - Xann<\/title>\n<meta name=\"robots\" content=\"index, follow, max-snippet:-1, max-image-preview:large, max-video-preview:-1\" \/>\n<link rel=\"canonical\" href=\"https:\/\/xann.es\/sobre-nosotros\/\" \/>\n<meta property=\"og:locale\" content=\"ca_ES\" \/>\n<meta property=\"og:type\" content=\"article\" \/>\n<meta property=\"og:title\" content=\"Sobre nosotros - Xann\" \/>\n<meta property=\"og:description\" content=\"[vc_row equal_height=&#8221;yes&#8221; content_placement=&#8221;top&#8221; css=&#8221;.vc_custom_1579949879057{padding-top: 80px !important;padding-bottom: 20px !important;}&#8221;][vc_column css=&#8221;.vc_custom_1579949867327{padding-bottom: 60px !important;}&#8221; offset=&#8221;vc_col-lg-4 vc_col-md-4 vc_col-xs-12&#8243;][\/vc_column][vc_column css=&#8221;.vc_custom_1579949870416{padding-bottom: 60px !important;}&#8221; offset=&#8221;vc_col-lg-4 vc_col-md-4 vc_col-xs-12&#8243;][vc_column_text css=&#8221;.vc_custom_1757336245906{padding-bottom: 30px !important;}&#8221;]XANN Taller d\u2019Arquitectura i Enginyeria, \u00e9s un estudi multidisciplinari d\u2019arquitectes i enginyers, i col\u00b7laboradors externs, a demanda de les necessitats particulars dels projectes. El nostre \u00e9s un m\u00e8tode de treball basat en l\u2019equilibri&hellip;\" \/>\n<meta property=\"og:url\" content=\"https:\/\/xann.es\/sobre-nosotros\/\" \/>\n<meta property=\"og:site_name\" content=\"Xann\" \/>\n<meta property=\"article:modified_time\" content=\"2025-09-08T12:57:53+00:00\" \/>\n<meta name=\"twitter:card\" content=\"summary_large_image\" \/>\n<meta name=\"twitter:label1\" content=\"Temps estimat de lectura\" \/>\n\t<meta name=\"twitter:data1\" content=\"1 minut\" \/>\n<script type=\"application\/ld+json\" class=\"yoast-schema-graph\">{\"@context\":\"https:\/\/schema.org\",\"@graph\":[{\"@type\":\"WebPage\",\"@id\":\"https:\/\/xann.es\/sobre-nosotros\/\",\"url\":\"https:\/\/xann.es\/sobre-nosotros\/\",\"name\":\"Sobre nosotros - Xann\",\"isPartOf\":{\"@id\":\"https:\/\/xann.es\/#website\"},\"datePublished\":\"2019-12-13T05:17:28+00:00\",\"dateModified\":\"2025-09-08T12:57:53+00:00\",\"breadcrumb\":{\"@id\":\"https:\/\/xann.es\/sobre-nosotros\/#breadcrumb\"},\"inLanguage\":\"ca\",\"potentialAction\":[{\"@type\":\"ReadAction\",\"target\":[\"https:\/\/xann.es\/sobre-nosotros\/\"]}]},{\"@type\":\"BreadcrumbList\",\"@id\":\"https:\/\/xann.es\/sobre-nosotros\/#breadcrumb\",\"itemListElement\":[{\"@type\":\"ListItem\",\"position\":1,\"name\":\"Portada\",\"item\":\"https:\/\/xann.es\/ca\/arquitectes-barcelona\/\"},{\"@type\":\"ListItem\",\"position\":2,\"name\":\"Sobre nosotros\"}]},{\"@type\":\"WebSite\",\"@id\":\"https:\/\/xann.es\/#website\",\"url\":\"https:\/\/xann.es\/\",\"name\":\"Xann\",\"description\":\"Taller d&#039;arquitectura i enginyeria\",\"potentialAction\":[{\"@type\":\"SearchAction\",\"target\":{\"@type\":\"EntryPoint\",\"urlTemplate\":\"https:\/\/xann.es\/?s={search_term_string}\"},\"query-input\":{\"@type\":\"PropertyValueSpecification\",\"valueRequired\":true,\"valueName\":\"search_term_string\"}}],\"inLanguage\":\"ca\"}]}<\/script>\n<!-- \/ Yoast SEO plugin. -->","yoast_head_json":{"title":"Sobre nosotros - Xann","robots":{"index":"index","follow":"follow","max-snippet":"max-snippet:-1","max-image-preview":"max-image-preview:large","max-video-preview":"max-video-preview:-1"},"canonical":"https:\/\/xann.es\/sobre-nosotros\/","og_locale":"ca_ES","og_type":"article","og_title":"Sobre nosotros - Xann","og_description":"[vc_row equal_height=&#8221;yes&#8221; content_placement=&#8221;top&#8221; css=&#8221;.vc_custom_1579949879057{padding-top: 80px !important;padding-bottom: 20px !important;}&#8221;][vc_column css=&#8221;.vc_custom_1579949867327{padding-bottom: 60px !important;}&#8221; offset=&#8221;vc_col-lg-4 vc_col-md-4 vc_col-xs-12&#8243;][\/vc_column][vc_column css=&#8221;.vc_custom_1579949870416{padding-bottom: 60px !important;}&#8221; offset=&#8221;vc_col-lg-4 vc_col-md-4 vc_col-xs-12&#8243;][vc_column_text css=&#8221;.vc_custom_1757336245906{padding-bottom: 30px !important;}&#8221;]XANN Taller d\u2019Arquitectura i Enginyeria, \u00e9s un estudi multidisciplinari d\u2019arquitectes i enginyers, i col\u00b7laboradors externs, a demanda de les necessitats particulars dels projectes. El nostre \u00e9s un m\u00e8tode de treball basat en l\u2019equilibri&hellip;","og_url":"https:\/\/xann.es\/sobre-nosotros\/","og_site_name":"Xann","article_modified_time":"2025-09-08T12:57:53+00:00","twitter_card":"summary_large_image","twitter_misc":{"Temps estimat de lectura":"1 minut"},"schema":{"@context":"https:\/\/schema.org","@graph":[{"@type":"WebPage","@id":"https:\/\/xann.es\/sobre-nosotros\/","url":"https:\/\/xann.es\/sobre-nosotros\/","name":"Sobre nosotros - Xann","isPartOf":{"@id":"https:\/\/xann.es\/#website"},"datePublished":"2019-12-13T05:17:28+00:00","dateModified":"2025-09-08T12:57:53+00:00","breadcrumb":{"@id":"https:\/\/xann.es\/sobre-nosotros\/#breadcrumb"},"inLanguage":"ca","potentialAction":[{"@type":"ReadAction","target":["https:\/\/xann.es\/sobre-nosotros\/"]}]},{"@type":"BreadcrumbList","@id":"https:\/\/xann.es\/sobre-nosotros\/#breadcrumb","itemListElement":[{"@type":"ListItem","position":1,"name":"Portada","item":"https:\/\/xann.es\/ca\/arquitectes-barcelona\/"},{"@type":"ListItem","position":2,"name":"Sobre nosotros"}]},{"@type":"WebSite","@id":"https:\/\/xann.es\/#website","url":"https:\/\/xann.es\/","name":"Xann","description":"Taller d&#039;arquitectura i enginyeria","potentialAction":[{"@type":"SearchAction","target":{"@type":"EntryPoint","urlTemplate":"https:\/\/xann.es\/?s={search_term_string}"},"query-input":{"@type":"PropertyValueSpecification","valueRequired":true,"valueName":"search_term_string"}}],"inLanguage":"ca"}]}},"_links":{"self":[{"href":"https:\/\/xann.es\/ca\/wp-json\/wp\/v2\/pages\/3348","targetHints":{"allow":["GET"]}}],"collection":[{"href":"https:\/\/xann.es\/ca\/wp-json\/wp\/v2\/pages"}],"about":[{"href":"https:\/\/xann.es\/ca\/wp-json\/wp\/v2\/types\/page"}],"author":[{"embeddable":true,"href":"https:\/\/xann.es\/ca\/wp-json\/wp\/v2\/users\/1"}],"replies":[{"embeddable":true,"href":"https:\/\/xann.es\/ca\/wp-json\/wp\/v2\/comments?post=3348"}],"version-history":[{"count":2,"href":"https:\/\/xann.es\/ca\/wp-json\/wp\/v2\/pages\/3348\/revisions"}],"predecessor-version":[{"id":3443,"href":"https:\/\/xann.es\/ca\/wp-json\/wp\/v2\/pages\/3348\/revisions\/3443"}],"wp:attachment":[{"href":"https:\/\/xann.es\/ca\/wp-json\/wp\/v2\/media?parent=3348"}],"curies":[{"name":"wp","href":"https:\/\/api.w.org\/{rel}","templated":true}]}}